{"id":137,"date":"2016-08-10T14:15:50","date_gmt":"2016-08-10T12:15:50","guid":{"rendered":"http:\/\/www.djr-schule-evrika.de\/?page_id=137"},"modified":"2017-08-24T09:42:38","modified_gmt":"2017-08-24T07:42:38","slug":"%d1%83%d1%87%d0%b5%d0%b1%d0%bd%d1%8b%d0%b5-%d0%bf%d0%b0%d0%ba%d0%b5%d1%82%d1%8b","status":"publish","type":"page","link":"https:\/\/www.djr-schule-evrika.de\/de\/%d1%83%d1%87%d0%b5%d0%b1%d0%bd%d1%8b%d0%b5-%d0%bf%d0%b0%d0%ba%d0%b5%d1%82%d1%8b\/","title":{"rendered":"Unterrichtspakete"},"content":{"rendered":"<p><strong>J\u00fcngere Gruppen <\/strong>(3-5 Jahre)<br \/>\nGrundf\u00e4cher:<br \/>\n&#8211; Sprachf\u00f6rderung<br \/>\n&#8211; Kunst<br \/>\nWahlf\u00e4cher:<br \/>\n&#8211; musikalische Fr\u00fcherziehung<br \/>\n&#8211; Tanz und Bewegung<\/p>\n<p><strong>Vorschule <\/strong>(5-6 Jahre)<br \/>\nGrundf\u00e4cher:<br \/>\n&#8211; Sprachf\u00f6rderung<br \/>\n&#8211; Kunst<br \/>\n&#8211; Chor oder\u00a0Tanz und Bewegung<br \/>\n&#8211; Wissenschaft mit Spa\u00df<br \/>\nWahlf\u00e4cher:<br \/>\n&#8211;\u00a0Theater<\/p>\n<p><strong>\u00a0Die 1. Klasse <\/strong>(6-7 Jahre)<strong><br \/>\n<\/strong>Grundf\u00e4cher:<br \/>\n&#8211; Russisch<br \/>\n&#8211;\u00a0Lesen<br \/>\n&#8211; Logik\/Wissenschaft<br \/>\n&#8211;\u00a0Chor oder Kunst<br \/>\nWahlf\u00e4cher:<br \/>\n&#8211;\u00a0Theater<\/p>\n<p><strong>\u00a0Die\u00a02. Klasse\u00a0<\/strong>(7-8 Jahre)<strong><br \/>\n<\/strong>Grundf\u00e4cher:<br \/>\n&#8211; Russisch<br \/>\n&#8211; Lesen<br \/>\n&#8211; Kunst<br \/>\n&#8211;\u00a0Chor oder Schach<br \/>\nWahlf\u00e4cher:<br \/>\n&#8211; Theater- Wissenschaft mit Spa\u00df<\/p>\n<p><strong>3. Klasse\u00a0<\/strong>(8-9 Jahre)<br \/>\nGrundf\u00e4cher:<br \/>\n&#8211; Russisch<br \/>\n&#8211; Lesen<br \/>\n&#8211;\u00a0Schach<br \/>\n&#8211; Kunst<br \/>\nWahlf\u00e4cher:<br \/>\n&#8211; Wissenschaft mit Spa\u00df<br \/>\n&#8211; Chor<br \/>\n&#8211; Theater<\/p>\n<p><strong>4. Klasse\u00a0<\/strong>(9-10 Jahre)<br \/>\nGrundf\u00e4cher:<br \/>\n&#8211; Russisch<br \/>\n&#8211; Lesen<br \/>\n&#8211; Wissenschaft\/Logik<br \/>\n&#8211; Kunst<br \/>\nWahlf\u00e4cher:<br \/>\n&#8211; Chor<br \/>\n&#8211; Theater<\/p>\n<p><strong>5. Klasse\u00a0<\/strong>(ab 9 Jahren)<br \/>\nGrundf\u00e4cher:<br \/>\n&#8211; Russisch<br \/>\n&#8211;\u00a0Literatur<br \/>\n&#8211; Wissenschaft\/Logik<br \/>\n&#8211; Kunst<br \/>\nWahlf\u00e4cher:<br \/>\n&#8211;\u00a0Geschichte<br \/>\n&#8211; Theater<\/p>\n","protected":false},"excerpt":{"rendered":"<p>J\u00fcngere Gruppen (3-5 Jahre) Grundf\u00e4cher: &#8211; Sprachf\u00f6rderung &#8211; Kunst Wahlf\u00e4cher: &#8211; musikalische Fr\u00fcherziehung &#8211; Tanz und Bewegung Vorschule (5-6 Jahre) Grundf\u00e4cher: &#8211; Sprachf\u00f6rderung &#8211; Kunst &#8211; Chor oder\u00a0Tanz und Bewegung &#8211; Wissenschaft mit Spa\u00df Wahlf\u00e4cher: &#8211;\u00a0Theater \u00a0Die 1. Klasse (6-7 Jahre) Grundf\u00e4cher: &#8211; Russisch &#8211;\u00a0Lesen &#8211; Logik\/Wissenschaft &#8211;\u00a0Chor oder Kunst Wahlf\u00e4cher: &#8211;\u00a0Theater \u00a0Die\u00a02. Klasse\u00a0(7-8 Jahre)&hellip; <a href=\"https:\/\/www.djr-schule-evrika.de\/de\/%d1%83%d1%87%d0%b5%d0%b1%d0%bd%d1%8b%d0%b5-%d0%bf%d0%b0%d0%ba%d0%b5%d1%82%d1%8b\/\" class=\"more-link\">Weiterlesen <span class=\"screen-reader-text\">Unterrichtspakete<\/span><\/a><\/p>\n","protected":false},"author":2,"featured_media":0,"parent":0,"menu_order":0,"comment_status":"closed","ping_status":"closed","template":"","meta":{"footnotes":""},"class_list":["post-137","page","type-page","status-publish","hentry"],"translation":{"provider":"WPGlobus","version":"3.0.2","language":"de","enabled_languages":["ru","de","en"],"languages":{"ru":{"title":true,"content":true,"excerpt":false},"de":{"title":true,"content":true,"excerpt":false},"en":{"title":true,"content":true,"excerpt":false}}},"yoast_head":"<!-- This site is optimized with the Yoast SEO plugin v26.3 - https:\/\/yoast.com\/wordpress\/plugins\/seo\/ -->\n<title>Unterrichtspakete - djr-schule-evrika.de<\/title>\n<meta name=\"robots\" content=\"index, follow, max-snippet:-1, max-image-preview:large, max-video-preview:-1\" \/>\n<link rel=\"canonical\" href=\"https:\/\/www.djr-schule-evrika.de\/\u0443\u0447\u0435\u0431\u043d\u044b\u0435-\u043f\u0430\u043a\u0435\u0442\u044b\/\" \/>\n<meta property=\"og:locale\" content=\"de_DE\" \/>\n<meta property=\"og:type\" content=\"article\" \/>\n<meta property=\"og:title\" content=\"Unterrichtspakete - djr-schule-evrika.de\" \/>\n<meta property=\"og:url\" content=\"https:\/\/www.djr-schule-evrika.de\/\u0443\u0447\u0435\u0431\u043d\u044b\u0435-\u043f\u0430\u043a\u0435\u0442\u044b\/\" \/>\n<meta property=\"og:site_name\" content=\"djr-schule-evrika.de\" \/>\n<meta property=\"article:modified_time\" content=\"2017-08-24T07:42:38+00:00\" \/>\n<meta name=\"twitter:card\" content=\"summary_large_image\" \/>\n<meta name=\"twitter:label1\" content=\"Gesch\u00e4tzte Lesezeit\" \/>\n\t<meta name=\"twitter:data1\" content=\"1\u00a0Minute\" \/>\n<script type=\"application\/ld+json\" class=\"yoast-schema-graph\">{\"@context\":\"https:\/\/schema.org\",\"@graph\":[{\"@type\":\"WebPage\",\"@id\":\"https:\/\/www.djr-schule-evrika.de\/%d1%83%d1%87%d0%b5%d0%b1%d0%bd%d1%8b%d0%b5-%d0%bf%d0%b0%d0%ba%d0%b5%d1%82%d1%8b\/\",\"url\":\"https:\/\/www.djr-schule-evrika.de\/%d1%83%d1%87%d0%b5%d0%b1%d0%bd%d1%8b%d0%b5-%d0%bf%d0%b0%d0%ba%d0%b5%d1%82%d1%8b\/\",\"name\":\"Unterrichtspakete - djr-schule-evrika.de\",\"isPartOf\":{\"@id\":\"https:\/\/www.djr-schule-evrika.de\/#website\"},\"datePublished\":\"2016-08-10T12:15:50+00:00\",\"dateModified\":\"2017-08-24T07:42:38+00:00\",\"breadcrumb\":{\"@id\":\"https:\/\/www.djr-schule-evrika.de\/%d1%83%d1%87%d0%b5%d0%b1%d0%bd%d1%8b%d0%b5-%d0%bf%d0%b0%d0%ba%d0%b5%d1%82%d1%8b\/#breadcrumb\"},\"inLanguage\":\"de\",\"potentialAction\":[{\"@type\":\"ReadAction\",\"target\":[\"https:\/\/www.djr-schule-evrika.de\/%d1%83%d1%87%d0%b5%d0%b1%d0%bd%d1%8b%d0%b5-%d0%bf%d0%b0%d0%ba%d0%b5%d1%82%d1%8b\/\"]}]},{\"@type\":\"BreadcrumbList\",\"@id\":\"https:\/\/www.djr-schule-evrika.de\/%d1%83%d1%87%d0%b5%d0%b1%d0%bd%d1%8b%d0%b5-%d0%bf%d0%b0%d0%ba%d0%b5%d1%82%d1%8b\/#breadcrumb\",\"itemListElement\":[{\"@type\":\"ListItem\",\"position\":1,\"name\":\"\u0413\u043b\u0430\u0432\u043d\u0430\u044f \u0441\u0442\u0440\u0430\u043d\u0438\u0446\u0430\",\"item\":\"https:\/\/www.djr-schule-evrika.de\/\"},{\"@type\":\"ListItem\",\"position\":2,\"name\":\"\u0423\u0447\u0435\u0431\u043d\u044b\u0435 \u043f\u0430\u043a\u0435\u0442\u044b\"}]},{\"@type\":\"WebSite\",\"@id\":\"https:\/\/www.djr-schule-evrika.de\/#website\",\"url\":\"https:\/\/www.djr-schule-evrika.de\/\",\"name\":\"djr-schule-evrika.de\",\"description\":\"Wochenendeschule\",\"potentialAction\":[{\"@type\":\"SearchAction\",\"target\":{\"@type\":\"EntryPoint\",\"urlTemplate\":\"https:\/\/www.djr-schule-evrika.de\/?s={search_term_string}\"},\"query-input\":{\"@type\":\"PropertyValueSpecification\",\"valueRequired\":true,\"valueName\":\"search_term_string\"}}],\"inLanguage\":\"de\"}]}<\/script>\n<!-- \/ Yoast SEO plugin. -->","yoast_head_json":{"title":"Unterrichtspakete - djr-schule-evrika.de","robots":{"index":"index","follow":"follow","max-snippet":"max-snippet:-1","max-image-preview":"max-image-preview:large","max-video-preview":"max-video-preview:-1"},"canonical":"https:\/\/www.djr-schule-evrika.de\/\u0443\u0447\u0435\u0431\u043d\u044b\u0435-\u043f\u0430\u043a\u0435\u0442\u044b\/","og_locale":"de_DE","og_type":"article","og_title":"Unterrichtspakete - djr-schule-evrika.de","og_url":"https:\/\/www.djr-schule-evrika.de\/\u0443\u0447\u0435\u0431\u043d\u044b\u0435-\u043f\u0430\u043a\u0435\u0442\u044b\/","og_site_name":"djr-schule-evrika.de","article_modified_time":"2017-08-24T07:42:38+00:00","twitter_card":"summary_large_image","twitter_misc":{"Gesch\u00e4tzte Lesezeit":"1\u00a0Minute"},"schema":{"@context":"https:\/\/schema.org","@graph":[{"@type":"WebPage","@id":"https:\/\/www.djr-schule-evrika.de\/%d1%83%d1%87%d0%b5%d0%b1%d0%bd%d1%8b%d0%b5-%d0%bf%d0%b0%d0%ba%d0%b5%d1%82%d1%8b\/","url":"https:\/\/www.djr-schule-evrika.de\/%d1%83%d1%87%d0%b5%d0%b1%d0%bd%d1%8b%d0%b5-%d0%bf%d0%b0%d0%ba%d0%b5%d1%82%d1%8b\/","name":"Unterrichtspakete - djr-schule-evrika.de","isPartOf":{"@id":"https:\/\/www.djr-schule-evrika.de\/#website"},"datePublished":"2016-08-10T12:15:50+00:00","dateModified":"2017-08-24T07:42:38+00:00","breadcrumb":{"@id":"https:\/\/www.djr-schule-evrika.de\/%d1%83%d1%87%d0%b5%d0%b1%d0%bd%d1%8b%d0%b5-%d0%bf%d0%b0%d0%ba%d0%b5%d1%82%d1%8b\/#breadcrumb"},"inLanguage":"de","potentialAction":[{"@type":"ReadAction","target":["https:\/\/www.djr-schule-evrika.de\/%d1%83%d1%87%d0%b5%d0%b1%d0%bd%d1%8b%d0%b5-%d0%bf%d0%b0%d0%ba%d0%b5%d1%82%d1%8b\/"]}]},{"@type":"BreadcrumbList","@id":"https:\/\/www.djr-schule-evrika.de\/%d1%83%d1%87%d0%b5%d0%b1%d0%bd%d1%8b%d0%b5-%d0%bf%d0%b0%d0%ba%d0%b5%d1%82%d1%8b\/#breadcrumb","itemListElement":[{"@type":"ListItem","position":1,"name":"\u0413\u043b\u0430\u0432\u043d\u0430\u044f \u0441\u0442\u0440\u0430\u043d\u0438\u0446\u0430","item":"https:\/\/www.djr-schule-evrika.de\/"},{"@type":"ListItem","position":2,"name":"\u0423\u0447\u0435\u0431\u043d\u044b\u0435 \u043f\u0430\u043a\u0435\u0442\u044b"}]},{"@type":"WebSite","@id":"https:\/\/www.djr-schule-evrika.de\/#website","url":"https:\/\/www.djr-schule-evrika.de\/","name":"djr-schule-evrika.de","description":"Wochenendeschule","potentialAction":[{"@type":"SearchAction","target":{"@type":"EntryPoint","urlTemplate":"https:\/\/www.djr-schule-evrika.de\/?s={search_term_string}"},"query-input":{"@type":"PropertyValueSpecification","valueRequired":true,"valueName":"search_term_string"}}],"inLanguage":"de"}]}},"_links":{"self":[{"href":"https:\/\/www.djr-schule-evrika.de\/de\/wp-json\/wp\/v2\/pages\/137","targetHints":{"allow":["GET"]}}],"collection":[{"href":"https:\/\/www.djr-schule-evrika.de\/de\/wp-json\/wp\/v2\/pages"}],"about":[{"href":"https:\/\/www.djr-schule-evrika.de\/de\/wp-json\/wp\/v2\/types\/page"}],"author":[{"embeddable":true,"href":"https:\/\/www.djr-schule-evrika.de\/de\/wp-json\/wp\/v2\/users\/2"}],"replies":[{"embeddable":true,"href":"https:\/\/www.djr-schule-evrika.de\/de\/wp-json\/wp\/v2\/comments?post=137"}],"version-history":[{"count":9,"href":"https:\/\/www.djr-schule-evrika.de\/de\/wp-json\/wp\/v2\/pages\/137\/revisions"}],"predecessor-version":[{"id":1695,"href":"https:\/\/www.djr-schule-evrika.de\/de\/wp-json\/wp\/v2\/pages\/137\/revisions\/1695"}],"wp:attachment":[{"href":"https:\/\/www.djr-schule-evrika.de\/de\/wp-json\/wp\/v2\/media?parent=137"}],"curies":[{"name":"wp","href":"https:\/\/api.w.org\/{rel}","templated":true}]}}