{"id":2797,"date":"2018-10-01T12:19:50","date_gmt":"2018-10-01T10:19:50","guid":{"rendered":"http:\/\/www.djr-schule-evrika.de\/?page_id=2797"},"modified":"2018-10-01T13:00:36","modified_gmt":"2018-10-01T11:00:36","slug":"kaschtanka","status":"publish","type":"page","link":"https:\/\/www.djr-schule-evrika.de\/de\/kaschtanka\/","title":{"rendered":"\u0421\u043f\u0435\u043a\u0442\u0430\u043a\u043b\u044c"},"content":{"rendered":"<p style=\"text-align: center;\"><span style=\"font-family: Times New Roman; font-size: 2em; color: #045fb4; font-weight: bold;\">\u00ab\u041a\u0430\u0448\u0442\u0430\u043d\u043a\u0430\u00bb<\/span><br \/>\n\u041f\u043e \u043e\u0434\u043d\u043e\u0438\u043c\u0435\u043d\u043d\u043e\u043c\u0443 \u0440\u0430\u0441\u0441\u043a\u0430\u0437\u0443 \u0410. \u041f. \u0427\u0435\u0445\u043e\u0432\u0430<br \/>\n\u041d\u0430 \u043d\u0435\u043c\u0435\u0446\u043a\u043e\u043c \u044f\u0437\u044b\u043a\u0435 \u0434\u043b\u044f \u0432\u0437\u0440\u043e\u0441\u043b\u044b\u0445 \u0438 \u0434\u0435\u0442\u0435\u0439 \u0441 5 \u043b\u0435\u0442<br \/>\n\u0418\u0441\u043f\u043e\u043b\u043d\u044f\u0435\u0442 \u0414\u0435\u0442\u0441\u043a\u0430\u044f \u0442\u0435\u0430\u0442\u0440\u0430\u043b\u044c\u043d\u0430\u044f \u0441\u0442\u0443\u0434\u0438\u044f \u0448\u043a\u043e\u043b\u044b \u00ab\u042d\u0432\u0440\u0438\u043a\u0430!\u00bb<br \/>\n\u0420\u0435\u0436\u0438\u0441\u0441\u0451\u0440: \u0410\u043d\u0442\u043e\u043d\u0438\u043d\u0430 \u0410\u043a\u0441\u0451\u043d\u043e\u0432\u0430<br \/>\n\u0410\u0441\u0441\u0438\u0441\u0442\u0435\u043d\u0442 \u0440\u0435\u0436\u0438\u0441\u0441\u0435\u0440\u0430: \u0415\u0432\u0433\u0435\u043d\u0438\u0439 \u0421\u0430\u0440\u043c\u043e\u043d\u0442<\/p>\n<p><span style=\"color: #3366ff;\"><strong>\u041a\u043e\u0433\u0434\u0430? <\/strong><\/span><br \/>\n\u0421\u0443\u0431\u0431\u043e\u0442\u0430, 24 \u043d\u043e\u044f\u0431\u0440\u044f 2018 \u0433. \u0432 16 \u0447\u0430\u0441\u043e\u0432<\/p>\n<p><span style=\"color: #3366ff;\"><strong>\u0413\u0434\u0435?<\/strong><\/span><br \/>\nKinder und Jugendtheater Frankfurt<br \/>\nim Titusforum<br \/>\nWalter M\u00f6ller Platz 2<br \/>\n60 439 Frankfurt a. M.<\/p>\n<p><span style=\"color: #3366ff;\"><strong>\u0411\u0438\u043b\u0435\u0442\u044b<\/strong><\/span><br \/>\n\u0421\u0442\u043e\u0438\u043c\u043e\u0441\u0442\u044c: 10 \u0415\u0432\u0440\u043e \u2013 \u0432\u0437\u0440\u043e\u0441\u043b\u044b\u0439, 6 \u0415\u0432\u0440\u043e \u2014 \u0434\u0435\u0442\u0441\u043a\u0438\u0439.<br \/>\n\u0411\u0438\u043b\u0435\u0442\u044b \u043c\u043e\u0436\u043d\u043e \u043a\u0443\u043f\u0438\u0442\u044c \u0432 \u0448\u043a\u043e\u043b\u0435 \u00ab\u042d\u0432\u0440\u0438\u043a\u0430!\u00bb \u043f\u043e \u0432\u043e\u0441\u043a\u0440\u0435\u0441\u0435\u043d\u044c\u044f\u043c \u0441 9:00 \u0434\u043e 16:00 \u0438\u043b\u0438 \u043d\u0435\u043f\u043e\u0441\u0440\u0435\u0434\u0441\u0442\u0432\u0435\u043d\u043d\u043e \u043f\u0435\u0440\u0435\u0434 \u0441\u043f\u0435\u043a\u0442\u0430\u043a\u043b\u0435\u043c.<br \/>\n\u0417\u0430\u0431\u0440\u043e\u043d\u0438\u0440\u043e\u0432\u0430\u0442\u044c \u0431\u0438\u043b\u0435\u0442\u044b \u043c\u043e\u0436\u043d\u043e \u0447\u0435\u0440\u0435\u0437 \u0440\u0430\u0441\u043f\u043e\u043b\u043e\u0436\u0435\u043d\u043d\u0443\u044e \u043d\u0438\u0436\u0435 \u0444\u043e\u0440\u043c\u0443.<br \/>\n\u0423 \u0432\u0430\u0441 \u0435\u0441\u0442\u044c \u0435\u0449\u0451 \u0432\u043e\u043f\u0440\u043e\u0441\u044b? \u0417\u0432\u043e\u043d\u0438\u0442\u0435 \u043f\u043e \u0442\u0435\u043b\u0435\u0444\u043e\u043d\u0443 0176 9661 79 79.<\/p>\n<p><img loading=\"lazy\" decoding=\"async\" width=\"555\" height=\"659\" class=\"alignnone size-full wp-image-2826 aligncenter\" src=\"http:\/\/www.djr-schule-evrika.de\/wp-content\/uploads\/2018\/10\/Kaschtanka2.jpeg\" style=\"width:555; height:659;border:1px solid gray; srcset=\"https:\/\/www.djr-schule-evrika.de\/wp-content\/uploads\/2018\/10\/Kaschtanka2.jpeg 555w, https:\/\/www.djr-schule-evrika.de\/wp-content\/uploads\/2018\/10\/Kaschtanka2-253x300.jpeg 253w, https:\/\/www.djr-schule-evrika.de\/wp-content\/uploads\/2018\/10\/Kaschtanka2-337x400.jpeg 337w\" sizes=\"auto, (max-width: 555px) 100vw, 555px\" \/><\/p>\n<p><span style=\"color: #3366ff;\"><strong>\u041e\u043f\u0438\u0441\u0430\u043d\u0438\u0435 \u0441\u043f\u0435\u043a\u0442\u0430\u043a\u043b\u044f<\/strong><\/span><br \/>\n\u041a\u0430\u0448\u0442\u0430\u043d\u043a\u0430, \u0443\u043c\u043d\u0430\u044f \u0442\u0430\u043b\u0430\u043d\u0442\u043b\u0438\u0432\u0430\u044f \u0441\u043e\u0431\u0430\u043a\u0430, \u0443 \u043a\u043e\u0442\u043e\u0440\u043e\u0439 \u0431\u044b\u043b\u0430 \u043d\u0435 \u043e\u0447\u0435\u043d\u044c \u0441\u0447\u0430\u0441\u0442\u043b\u0438\u0432\u0430\u044f \u0436\u0438\u0437\u043d\u044c \u0443 \u0441\u0432\u043e\u0438\u0445 \u043b\u044e\u0431\u0438\u043c\u044b\u0445 \u0445\u043e\u0437\u044f\u0435\u0432 &#8211; \u041f\u041e\u0422\u0415\u0420\u042f\u041b\u0410\u0421\u042c&#8230; \u041a\u0430\u0448\u0442\u0430\u043d\u043a\u0443 \u0441\u043f\u0430\u0441\u0430\u0435\u0442 \u043e\u0442 \u0445\u043e\u043b\u043e\u0434\u0430 \u0438 \u0433\u043e\u043b\u043e\u0434\u0430 \u0434\u043e\u0431\u0440\u044b\u0439 \u0447\u0435\u043b\u043e\u0432\u0435\u043a, \u0443 \u043a\u043e\u0442\u043e\u0440\u043e\u0433\u043e \u0443\u0436\u0435 \u0436\u0438\u0432\u0443\u0442 \u0434\u0440\u0443\u0433\u0438\u0435 \u0436\u0438\u0432\u043e\u0442\u043d\u044b\u0435. \u041e\u043d \u043f\u0440\u0438\u044e\u0442\u0438\u043b \u0438\u0445 \u0443 \u0441\u0435\u0431\u044f \u0438 \u0432\u044b\u0441\u0442\u0443\u043f\u0430\u0435\u0442 \u0441 \u043d\u0438\u043c\u0438 \u0432 \u0446\u0438\u0440\u043a\u0435. \u0416\u0438\u0437\u043d\u044c \u041a\u0430\u0448\u0442\u0430\u043d\u043a\u0438 \u043e\u0447\u0435\u043d\u044c \u0438\u0437\u043c\u0435\u043d\u0438\u043b\u0430\u0441\u044c, \u0443 \u043d\u0435\u0451 \u043f\u043e\u044f\u0432\u0438\u043b\u0438\u0441\u044c \u0434\u0440\u0443\u0437\u044c\u044f, \u0438 \u043e\u043d\u0430 \u0441\u0442\u0430\u043b\u0430 \u0430\u0440\u0442\u0438\u0441\u0442\u043a\u043e\u0439. \u041c\u043d\u043e\u0433\u043e \u0441\u043e\u0431\u044b\u0442\u0438\u0439 \u043f\u0440\u043e\u0438\u0441\u0445\u043e\u0434\u0438\u0442 \u0432 \u0434\u043e\u043c\u0435 \u043d\u043e\u0432\u043e\u0433\u043e \u0445\u043e\u0437\u044f\u0438\u043d\u0430 \u0443 \u041a\u0430\u0448\u0442\u0430\u043d\u043a\u0438\u2026<\/p>\n<p><strong><span style=\"color: #3366ff;\">Beschreibung des Theaterst\u00fccks<\/span><\/strong><br \/>\nKaschtanka ist eine sehr kluge H\u00fcndin, doch ihr Leben bei ihrem Herrchen ist nicht gerade gl\u00fccklich. Eines Tages verl\u00e4uft sie sich und wird von einem gutherzigen Menschen gefunden. Er beherbergt auch andere Tiere zu Hause, mit denen er Auff\u00fchrungen in einem Zirkus macht. Kaschtanka f\u00fchrt nun ein ganz anderes Leben als fr\u00fcher, sie findet Freunde und wird zu einer Zirkusartistin. Viele Ereignisse geschehen in Kaschtankas neuem Zuhause\u2026<\/p>\n<p><span style=\"color: #3366ff;\"><strong>\u0411\u0440\u043e\u043d\u0438\u0440\u043e\u0432\u0430\u043d\u0438\u0435 \u0431\u0438\u043b\u0435\u0442\u043e\u0432\u00a0<\/strong><\/span>(\u0432\u0441\u0435 \u043f\u043e\u043b\u044f \u043e\u0431\u044f\u0437\u0430\u0442\u0435\u043b\u044c\u043d\u044b \u0434\u043b\u044f \u0437\u0430\u043f\u043e\u043b\u043d\u0435\u043d\u0438\u044f)<br \/>\n\n<div class=\"wpcf7 no-js\" id=\"wpcf7-f2796-o1\" lang=\"de-DE\" dir=\"ltr\" data-wpcf7-id=\"2796\">\n<div class=\"screen-reader-response\"><p role=\"status\" aria-live=\"polite\" aria-atomic=\"true\"><\/p> <ul><\/ul><\/div>\n<form action=\"\/de\/wp-json\/wp\/v2\/pages\/2797#wpcf7-f2796-o1\" method=\"post\" class=\"wpcf7-form init\" aria-label=\"Kontaktformular\" novalidate=\"novalidate\" data-status=\"init\">\n<fieldset class=\"hidden-fields-container\"><input type=\"hidden\" name=\"_wpcf7\" value=\"2796\" \/><input type=\"hidden\" name=\"_wpcf7_version\" value=\"6.1.5\" \/><input type=\"hidden\" name=\"_wpcf7_locale\" value=\"de_DE\" \/><input type=\"hidden\" name=\"_wpcf7_unit_tag\" value=\"wpcf7-f2796-o1\" \/><input type=\"hidden\" name=\"_wpcf7_container_post\" value=\"0\" \/><input type=\"hidden\" name=\"_wpcf7_posted_data_hash\" value=\"\" \/>\n<\/fieldset>\n<p><label> \u0418\u043c\u044f \u0424\u0430\u043c\u0438\u043b\u0438\u044f*<br \/>\n<span class=\"wpcf7-form-control-wrap\" data-name=\"your-name\"><input size=\"40\" maxlength=\"400\" class=\"wpcf7-form-control wpcf7-text wpcf7-validates-as-required\" aria-required=\"true\" aria-invalid=\"false\" value=\"\" type=\"text\" name=\"your-name\" \/><\/span> <\/label>\n<\/p>\n<p><label> E-Mail*<br \/>\n<span class=\"wpcf7-form-control-wrap\" data-name=\"your-email\"><input size=\"40\" maxlength=\"400\" class=\"wpcf7-form-control wpcf7-email wpcf7-validates-as-required wpcf7-text wpcf7-validates-as-email\" aria-required=\"true\" aria-invalid=\"false\" value=\"\" type=\"email\" name=\"your-email\" \/><\/span> <\/label>\n<\/p>\n<p><label> \u041a\u043e\u043b\u0438\u0447\u0435\u0441\u0442\u0432\u043e \u043c\u0435\u0441\u0442*<br \/>\n<span class=\"wpcf7-form-control-wrap\" data-name=\"your-message\"><input size=\"40\" maxlength=\"400\" class=\"wpcf7-form-control wpcf7-text wpcf7-validates-as-required\" aria-required=\"true\" aria-invalid=\"false\" value=\"\" type=\"text\" name=\"your-message\" \/><\/span> <\/label>\n<\/p>\n<p><input class=\"wpcf7-form-control wpcf7-submit has-spinner\" type=\"submit\" value=\"\u0417\u0430\u0431\u0440\u043e\u043d\u0438\u0440\u043e\u0432\u0430\u0442\u044c\" \/>\n<\/p><p style=\"display: none !important;\" class=\"akismet-fields-container\" data-prefix=\"_wpcf7_ak_\"><label>&#916;<textarea name=\"_wpcf7_ak_hp_textarea\" cols=\"45\" rows=\"8\" maxlength=\"100\"><\/textarea><\/label><input type=\"hidden\" id=\"ak_js_1\" name=\"_wpcf7_ak_js\" value=\"200\"\/><script type=\"text\/javascript\">\n\/* <![CDATA[ *\/\ndocument.getElementById( \"ak_js_1\" ).setAttribute( \"value\", ( new Date() ).getTime() );\n\/* ]]> *\/\n<\/script>\n<\/p><div class=\"wpcf7-response-output\" aria-hidden=\"true\"><\/div>\n<\/form>\n<\/div>\n<\/p>\n","protected":false},"excerpt":{"rendered":"<p>\u00ab\u041a\u0430\u0448\u0442\u0430\u043d\u043a\u0430\u00bb \u041f\u043e \u043e\u0434\u043d\u043e\u0438\u043c\u0435\u043d\u043d\u043e\u043c\u0443 \u0440\u0430\u0441\u0441\u043a\u0430\u0437\u0443 \u0410. \u041f. \u0427\u0435\u0445\u043e\u0432\u0430 \u041d\u0430 \u043d\u0435\u043c\u0435\u0446\u043a\u043e\u043c \u044f\u0437\u044b\u043a\u0435 \u0434\u043b\u044f \u0432\u0437\u0440\u043e\u0441\u043b\u044b\u0445 \u0438 \u0434\u0435\u0442\u0435\u0439 \u0441 5 \u043b\u0435\u0442 \u0418\u0441\u043f\u043e\u043b\u043d\u044f\u0435\u0442 \u0414\u0435\u0442\u0441\u043a\u0430\u044f \u0442\u0435\u0430\u0442\u0440\u0430\u043b\u044c\u043d\u0430\u044f \u0441\u0442\u0443\u0434\u0438\u044f \u0448\u043a\u043e\u043b\u044b \u00ab\u042d\u0432\u0440\u0438\u043a\u0430!\u00bb \u0420\u0435\u0436\u0438\u0441\u0441\u0451\u0440: \u0410\u043d\u0442\u043e\u043d\u0438\u043d\u0430 \u0410\u043a\u0441\u0451\u043d\u043e\u0432\u0430 \u0410\u0441\u0441\u0438\u0441\u0442\u0435\u043d\u0442 \u0440\u0435\u0436\u0438\u0441\u0441\u0435\u0440\u0430: \u0415\u0432\u0433\u0435\u043d\u0438\u0439 \u0421\u0430\u0440\u043c\u043e\u043d\u0442 \u041a\u043e\u0433\u0434\u0430? \u0421\u0443\u0431\u0431\u043e\u0442\u0430, 24 \u043d\u043e\u044f\u0431\u0440\u044f 2018 \u0433. \u0432 16 \u0447\u0430\u0441\u043e\u0432 \u0413\u0434\u0435? Kinder und Jugendtheater Frankfurt im Titusforum Walter M\u00f6ller Platz 2 60 439 Frankfurt a. M.&hellip; <a href=\"https:\/\/www.djr-schule-evrika.de\/de\/kaschtanka\/\" class=\"more-link\">Weiterlesen <span class=\"screen-reader-text\">\u0421\u043f\u0435\u043a\u0442\u0430\u043a\u043b\u044c<\/span><\/a><\/p>\n","protected":false},"author":2,"featured_media":0,"parent":0,"menu_order":0,"comment_status":"closed","ping_status":"closed","template":"","meta":{"footnotes":""},"class_list":["post-2797","page","type-page","status-publish","hentry"],"translation":{"provider":"WPGlobus","version":"3.0.2","language":"de","enabled_languages":["ru","de","en"],"languages":{"ru":{"title":true,"content":true,"excerpt":false},"de":{"title":false,"content":false,"excerpt":false},"en":{"title":false,"content":false,"excerpt":false}}},"yoast_head":"<!-- This site is optimized with the Yoast SEO plugin v26.3 - https:\/\/yoast.com\/wordpress\/plugins\/seo\/ -->\n<title>\u0421\u043f\u0435\u043a\u0442\u0430\u043a\u043b\u044c - djr-schule-evrika.de<\/title>\n<meta name=\"robots\" content=\"index, follow, max-snippet:-1, max-image-preview:large, max-video-preview:-1\" \/>\n<link rel=\"canonical\" href=\"https:\/\/www.djr-schule-evrika.de\/kaschtanka\/\" \/>\n<meta property=\"og:locale\" content=\"de_DE\" \/>\n<meta property=\"og:type\" content=\"article\" \/>\n<meta property=\"og:title\" content=\"\u0421\u043f\u0435\u043a\u0442\u0430\u043a\u043b\u044c - djr-schule-evrika.de\" \/>\n<meta property=\"og:url\" content=\"https:\/\/www.djr-schule-evrika.de\/kaschtanka\/\" \/>\n<meta property=\"og:site_name\" content=\"djr-schule-evrika.de\" \/>\n<meta property=\"article:modified_time\" content=\"2018-10-01T11:00:36+00:00\" \/>\n<meta property=\"og:image\" content=\"http:\/\/www.djr-schule-evrika.de\/wp-content\/uploads\/2018\/10\/Kaschtanka2.jpeg\" \/>\n<meta name=\"twitter:card\" content=\"summary_large_image\" \/>\n<script type=\"application\/ld+json\" class=\"yoast-schema-graph\">{\"@context\":\"https:\/\/schema.org\",\"@graph\":[{\"@type\":\"WebPage\",\"@id\":\"https:\/\/www.djr-schule-evrika.de\/kaschtanka\/\",\"url\":\"https:\/\/www.djr-schule-evrika.de\/kaschtanka\/\",\"name\":\"\u0421\u043f\u0435\u043a\u0442\u0430\u043a\u043b\u044c - djr-schule-evrika.de\",\"isPartOf\":{\"@id\":\"https:\/\/www.djr-schule-evrika.de\/#website\"},\"primaryImageOfPage\":{\"@id\":\"https:\/\/www.djr-schule-evrika.de\/kaschtanka\/#primaryimage\"},\"image\":{\"@id\":\"https:\/\/www.djr-schule-evrika.de\/kaschtanka\/#primaryimage\"},\"thumbnailUrl\":\"http:\/\/www.djr-schule-evrika.de\/wp-content\/uploads\/2018\/10\/Kaschtanka2.jpeg\",\"datePublished\":\"2018-10-01T10:19:50+00:00\",\"dateModified\":\"2018-10-01T11:00:36+00:00\",\"breadcrumb\":{\"@id\":\"https:\/\/www.djr-schule-evrika.de\/kaschtanka\/#breadcrumb\"},\"inLanguage\":\"de\",\"potentialAction\":[{\"@type\":\"ReadAction\",\"target\":[\"https:\/\/www.djr-schule-evrika.de\/kaschtanka\/\"]}]},{\"@type\":\"ImageObject\",\"inLanguage\":\"de\",\"@id\":\"https:\/\/www.djr-schule-evrika.de\/kaschtanka\/#primaryimage\",\"url\":\"http:\/\/www.djr-schule-evrika.de\/wp-content\/uploads\/2018\/10\/Kaschtanka2.jpeg\",\"contentUrl\":\"http:\/\/www.djr-schule-evrika.de\/wp-content\/uploads\/2018\/10\/Kaschtanka2.jpeg\"},{\"@type\":\"BreadcrumbList\",\"@id\":\"https:\/\/www.djr-schule-evrika.de\/kaschtanka\/#breadcrumb\",\"itemListElement\":[{\"@type\":\"ListItem\",\"position\":1,\"name\":\"\u0413\u043b\u0430\u0432\u043d\u0430\u044f \u0441\u0442\u0440\u0430\u043d\u0438\u0446\u0430\",\"item\":\"https:\/\/www.djr-schule-evrika.de\/\"},{\"@type\":\"ListItem\",\"position\":2,\"name\":\"\u0421\u043f\u0435\u043a\u0442\u0430\u043a\u043b\u044c\"}]},{\"@type\":\"WebSite\",\"@id\":\"https:\/\/www.djr-schule-evrika.de\/#website\",\"url\":\"https:\/\/www.djr-schule-evrika.de\/\",\"name\":\"djr-schule-evrika.de\",\"description\":\"Wochenendeschule\",\"potentialAction\":[{\"@type\":\"SearchAction\",\"target\":{\"@type\":\"EntryPoint\",\"urlTemplate\":\"https:\/\/www.djr-schule-evrika.de\/?s={search_term_string}\"},\"query-input\":{\"@type\":\"PropertyValueSpecification\",\"valueRequired\":true,\"valueName\":\"search_term_string\"}}],\"inLanguage\":\"de\"}]}<\/script>\n<!-- \/ Yoast SEO plugin. -->","yoast_head_json":{"title":"\u0421\u043f\u0435\u043a\u0442\u0430\u043a\u043b\u044c - djr-schule-evrika.de","robots":{"index":"index","follow":"follow","max-snippet":"max-snippet:-1","max-image-preview":"max-image-preview:large","max-video-preview":"max-video-preview:-1"},"canonical":"https:\/\/www.djr-schule-evrika.de\/kaschtanka\/","og_locale":"de_DE","og_type":"article","og_title":"\u0421\u043f\u0435\u043a\u0442\u0430\u043a\u043b\u044c - djr-schule-evrika.de","og_url":"https:\/\/www.djr-schule-evrika.de\/kaschtanka\/","og_site_name":"djr-schule-evrika.de","article_modified_time":"2018-10-01T11:00:36+00:00","og_image":[{"url":"http:\/\/www.djr-schule-evrika.de\/wp-content\/uploads\/2018\/10\/Kaschtanka2.jpeg","type":"","width":"","height":""}],"twitter_card":"summary_large_image","schema":{"@context":"https:\/\/schema.org","@graph":[{"@type":"WebPage","@id":"https:\/\/www.djr-schule-evrika.de\/kaschtanka\/","url":"https:\/\/www.djr-schule-evrika.de\/kaschtanka\/","name":"\u0421\u043f\u0435\u043a\u0442\u0430\u043a\u043b\u044c - djr-schule-evrika.de","isPartOf":{"@id":"https:\/\/www.djr-schule-evrika.de\/#website"},"primaryImageOfPage":{"@id":"https:\/\/www.djr-schule-evrika.de\/kaschtanka\/#primaryimage"},"image":{"@id":"https:\/\/www.djr-schule-evrika.de\/kaschtanka\/#primaryimage"},"thumbnailUrl":"http:\/\/www.djr-schule-evrika.de\/wp-content\/uploads\/2018\/10\/Kaschtanka2.jpeg","datePublished":"2018-10-01T10:19:50+00:00","dateModified":"2018-10-01T11:00:36+00:00","breadcrumb":{"@id":"https:\/\/www.djr-schule-evrika.de\/kaschtanka\/#breadcrumb"},"inLanguage":"de","potentialAction":[{"@type":"ReadAction","target":["https:\/\/www.djr-schule-evrika.de\/kaschtanka\/"]}]},{"@type":"ImageObject","inLanguage":"de","@id":"https:\/\/www.djr-schule-evrika.de\/kaschtanka\/#primaryimage","url":"http:\/\/www.djr-schule-evrika.de\/wp-content\/uploads\/2018\/10\/Kaschtanka2.jpeg","contentUrl":"http:\/\/www.djr-schule-evrika.de\/wp-content\/uploads\/2018\/10\/Kaschtanka2.jpeg"},{"@type":"BreadcrumbList","@id":"https:\/\/www.djr-schule-evrika.de\/kaschtanka\/#breadcrumb","itemListElement":[{"@type":"ListItem","position":1,"name":"\u0413\u043b\u0430\u0432\u043d\u0430\u044f \u0441\u0442\u0440\u0430\u043d\u0438\u0446\u0430","item":"https:\/\/www.djr-schule-evrika.de\/"},{"@type":"ListItem","position":2,"name":"\u0421\u043f\u0435\u043a\u0442\u0430\u043a\u043b\u044c"}]},{"@type":"WebSite","@id":"https:\/\/www.djr-schule-evrika.de\/#website","url":"https:\/\/www.djr-schule-evrika.de\/","name":"djr-schule-evrika.de","description":"Wochenendeschule","potentialAction":[{"@type":"SearchAction","target":{"@type":"EntryPoint","urlTemplate":"https:\/\/www.djr-schule-evrika.de\/?s={search_term_string}"},"query-input":{"@type":"PropertyValueSpecification","valueRequired":true,"valueName":"search_term_string"}}],"inLanguage":"de"}]}},"_links":{"self":[{"href":"https:\/\/www.djr-schule-evrika.de\/de\/wp-json\/wp\/v2\/pages\/2797","targetHints":{"allow":["GET"]}}],"collection":[{"href":"https:\/\/www.djr-schule-evrika.de\/de\/wp-json\/wp\/v2\/pages"}],"about":[{"href":"https:\/\/www.djr-schule-evrika.de\/de\/wp-json\/wp\/v2\/types\/page"}],"author":[{"embeddable":true,"href":"https:\/\/www.djr-schule-evrika.de\/de\/wp-json\/wp\/v2\/users\/2"}],"replies":[{"embeddable":true,"href":"https:\/\/www.djr-schule-evrika.de\/de\/wp-json\/wp\/v2\/comments?post=2797"}],"version-history":[{"count":10,"href":"https:\/\/www.djr-schule-evrika.de\/de\/wp-json\/wp\/v2\/pages\/2797\/revisions"}],"predecessor-version":[{"id":2821,"href":"https:\/\/www.djr-schule-evrika.de\/de\/wp-json\/wp\/v2\/pages\/2797\/revisions\/2821"}],"wp:attachment":[{"href":"https:\/\/www.djr-schule-evrika.de\/de\/wp-json\/wp\/v2\/media?parent=2797"}],"curies":[{"name":"wp","href":"https:\/\/api.w.org\/{rel}","templated":true}]}}