{"id":9002,"date":"2025-03-29T15:52:37","date_gmt":"2025-03-29T14:52:37","guid":{"rendered":"https:\/\/www.djr-schule-evrika.de\/?page_id=9002"},"modified":"2025-03-29T15:52:37","modified_gmt":"2025-03-29T14:52:37","slug":"impressum","status":"publish","type":"page","link":"https:\/\/www.djr-schule-evrika.de\/de\/impressum\/","title":{"rendered":"Impressum"},"content":{"rendered":"<p>Betreiber der Seite:<br \/>\nDJR \u2013 Hessen e.V.<br \/>\nKreisgruppe Frankfurt am Main<\/p>\n<p>Sonnentaustra\u00dfe 26-28,<br \/>\n60433 Frankfurt am Main<br \/>\nTel: 069 \u2013 95 40 80 86<br \/>\nFax: 069 \u2013 95 40 80 87<\/p>\n<p>E-Mail: djr-hessen@web.de<\/p>\n<p>Alle Informationen dienen zur pers\u00f6nlichen Information \u2013 eine kommerzielle Nutzung der redaktionellen Beschreibungen ist nicht erlaubt. Die auf www.djr-frankfurt.de ver\u00f6ffentlichten Texte und Bilder sind urheberrechtlich gesch\u00fctzt. F\u00fcr Fehler im Text oder falsche Links wird keine Haftung \u00fcbernommen.<\/p>\n<p>F\u00fcr die Inhalte der Angebote die nicht direkt auf www.djr-frankfurt.de ausgestellt sind, (z.B. durch Links) sind die jeweiligen Betreiber verantwortlich. Nicht erlaubt ist eine kommerzielle Nutzung der Daten, wie zum Beispiel zum Aufbau eigener Suchsysteme und Dienste bzw. Verzeichnisse jeglicher Art. Au\u00dferdem ist das automatische Auslesen von Daten durch Software untersagt.<\/p>\n<p>Mit dem Urteil vom 12. Mai 1998 hat das Landgericht Hamburg entschieden, dass man durch die Anbringung eines Links die Inhalte der gelinkten Seite ggf. mit zu verantworten hat. Dies kann, so das LG, nur dadurch verhindert werden, dass man sich ausdr\u00fccklich von diesen Inhalten distanziert. Hiermit distanziert sich www.djr-frankfurt.de ausdr\u00fccklich von allen Verweisen, die sich auf dieser Internetseite befinden.<\/p>\n","protected":false},"excerpt":{"rendered":"<p>Betreiber der Seite: DJR \u2013 Hessen e.V. Kreisgruppe Frankfurt am Main Sonnentaustra\u00dfe 26-28, 60433 Frankfurt am Main Tel: 069 \u2013 95 40 80 86 Fax: 069 \u2013 95 40 80 87 E-Mail: djr-hessen@web.de Alle Informationen dienen zur pers\u00f6nlichen Information \u2013 eine kommerzielle Nutzung der redaktionellen Beschreibungen ist nicht erlaubt. Die auf www.djr-frankfurt.de ver\u00f6ffentlichten Texte und&hellip; <a href=\"https:\/\/www.djr-schule-evrika.de\/de\/impressum\/\" class=\"more-link\">Weiterlesen <span class=\"screen-reader-text\">Impressum<\/span><\/a><\/p>\n","protected":false},"author":1,"featured_media":0,"parent":0,"menu_order":0,"comment_status":"closed","ping_status":"closed","template":"","meta":{"footnotes":""},"class_list":["post-9002","page","type-page","status-publish","hentry"],"translation":{"provider":"WPGlobus","version":"3.0.2","language":"de","enabled_languages":["ru","de","en"],"languages":{"ru":{"title":true,"content":true,"excerpt":false},"de":{"title":true,"content":true,"excerpt":false},"en":{"title":true,"content":true,"excerpt":false}}},"yoast_head":"<!-- This site is optimized with the Yoast SEO plugin v26.3 - https:\/\/yoast.com\/wordpress\/plugins\/seo\/ -->\n<title>Impressum - djr-schule-evrika.de<\/title>\n<meta name=\"robots\" content=\"index, follow, max-snippet:-1, max-image-preview:large, max-video-preview:-1\" \/>\n<link rel=\"canonical\" href=\"https:\/\/www.djr-schule-evrika.de\/impressum\/\" \/>\n<meta property=\"og:locale\" content=\"de_DE\" \/>\n<meta property=\"og:type\" content=\"article\" \/>\n<meta property=\"og:title\" content=\"Impressum - djr-schule-evrika.de\" \/>\n<meta property=\"og:url\" content=\"https:\/\/www.djr-schule-evrika.de\/impressum\/\" \/>\n<meta property=\"og:site_name\" content=\"djr-schule-evrika.de\" \/>\n<meta name=\"twitter:card\" content=\"summary_large_image\" \/>\n<meta name=\"twitter:label1\" content=\"Gesch\u00e4tzte Lesezeit\" \/>\n\t<meta name=\"twitter:data1\" content=\"3\u00a0Minuten\" \/>\n<script type=\"application\/ld+json\" class=\"yoast-schema-graph\">{\"@context\":\"https:\/\/schema.org\",\"@graph\":[{\"@type\":\"WebPage\",\"@id\":\"https:\/\/www.djr-schule-evrika.de\/impressum\/\",\"url\":\"https:\/\/www.djr-schule-evrika.de\/impressum\/\",\"name\":\"Impressum - djr-schule-evrika.de\",\"isPartOf\":{\"@id\":\"https:\/\/www.djr-schule-evrika.de\/#website\"},\"datePublished\":\"2025-03-29T14:52:37+00:00\",\"breadcrumb\":{\"@id\":\"https:\/\/www.djr-schule-evrika.de\/impressum\/#breadcrumb\"},\"inLanguage\":\"de\",\"potentialAction\":[{\"@type\":\"ReadAction\",\"target\":[\"https:\/\/www.djr-schule-evrika.de\/impressum\/\"]}]},{\"@type\":\"BreadcrumbList\",\"@id\":\"https:\/\/www.djr-schule-evrika.de\/impressum\/#breadcrumb\",\"itemListElement\":[{\"@type\":\"ListItem\",\"position\":1,\"name\":\"\u0413\u043b\u0430\u0432\u043d\u0430\u044f \u0441\u0442\u0440\u0430\u043d\u0438\u0446\u0430\",\"item\":\"https:\/\/www.djr-schule-evrika.de\/\"},{\"@type\":\"ListItem\",\"position\":2,\"name\":\"Impressum\"}]},{\"@type\":\"WebSite\",\"@id\":\"https:\/\/www.djr-schule-evrika.de\/#website\",\"url\":\"https:\/\/www.djr-schule-evrika.de\/\",\"name\":\"djr-schule-evrika.de\",\"description\":\"Wochenendeschule\",\"potentialAction\":[{\"@type\":\"SearchAction\",\"target\":{\"@type\":\"EntryPoint\",\"urlTemplate\":\"https:\/\/www.djr-schule-evrika.de\/?s={search_term_string}\"},\"query-input\":{\"@type\":\"PropertyValueSpecification\",\"valueRequired\":true,\"valueName\":\"search_term_string\"}}],\"inLanguage\":\"de\"}]}<\/script>\n<!-- \/ Yoast SEO plugin. -->","yoast_head_json":{"title":"Impressum - djr-schule-evrika.de","robots":{"index":"index","follow":"follow","max-snippet":"max-snippet:-1","max-image-preview":"max-image-preview:large","max-video-preview":"max-video-preview:-1"},"canonical":"https:\/\/www.djr-schule-evrika.de\/impressum\/","og_locale":"de_DE","og_type":"article","og_title":"Impressum - djr-schule-evrika.de","og_url":"https:\/\/www.djr-schule-evrika.de\/impressum\/","og_site_name":"djr-schule-evrika.de","twitter_card":"summary_large_image","twitter_misc":{"Gesch\u00e4tzte Lesezeit":"3\u00a0Minuten"},"schema":{"@context":"https:\/\/schema.org","@graph":[{"@type":"WebPage","@id":"https:\/\/www.djr-schule-evrika.de\/impressum\/","url":"https:\/\/www.djr-schule-evrika.de\/impressum\/","name":"Impressum - djr-schule-evrika.de","isPartOf":{"@id":"https:\/\/www.djr-schule-evrika.de\/#website"},"datePublished":"2025-03-29T14:52:37+00:00","breadcrumb":{"@id":"https:\/\/www.djr-schule-evrika.de\/impressum\/#breadcrumb"},"inLanguage":"de","potentialAction":[{"@type":"ReadAction","target":["https:\/\/www.djr-schule-evrika.de\/impressum\/"]}]},{"@type":"BreadcrumbList","@id":"https:\/\/www.djr-schule-evrika.de\/impressum\/#breadcrumb","itemListElement":[{"@type":"ListItem","position":1,"name":"\u0413\u043b\u0430\u0432\u043d\u0430\u044f \u0441\u0442\u0440\u0430\u043d\u0438\u0446\u0430","item":"https:\/\/www.djr-schule-evrika.de\/"},{"@type":"ListItem","position":2,"name":"Impressum"}]},{"@type":"WebSite","@id":"https:\/\/www.djr-schule-evrika.de\/#website","url":"https:\/\/www.djr-schule-evrika.de\/","name":"djr-schule-evrika.de","description":"Wochenendeschule","potentialAction":[{"@type":"SearchAction","target":{"@type":"EntryPoint","urlTemplate":"https:\/\/www.djr-schule-evrika.de\/?s={search_term_string}"},"query-input":{"@type":"PropertyValueSpecification","valueRequired":true,"valueName":"search_term_string"}}],"inLanguage":"de"}]}},"_links":{"self":[{"href":"https:\/\/www.djr-schule-evrika.de\/de\/wp-json\/wp\/v2\/pages\/9002","targetHints":{"allow":["GET"]}}],"collection":[{"href":"https:\/\/www.djr-schule-evrika.de\/de\/wp-json\/wp\/v2\/pages"}],"about":[{"href":"https:\/\/www.djr-schule-evrika.de\/de\/wp-json\/wp\/v2\/types\/page"}],"author":[{"embeddable":true,"href":"https:\/\/www.djr-schule-evrika.de\/de\/wp-json\/wp\/v2\/users\/1"}],"replies":[{"embeddable":true,"href":"https:\/\/www.djr-schule-evrika.de\/de\/wp-json\/wp\/v2\/comments?post=9002"}],"version-history":[{"count":4,"href":"https:\/\/www.djr-schule-evrika.de\/de\/wp-json\/wp\/v2\/pages\/9002\/revisions"}],"predecessor-version":[{"id":9006,"href":"https:\/\/www.djr-schule-evrika.de\/de\/wp-json\/wp\/v2\/pages\/9002\/revisions\/9006"}],"wp:attachment":[{"href":"https:\/\/www.djr-schule-evrika.de\/de\/wp-json\/wp\/v2\/media?parent=9002"}],"curies":[{"name":"wp","href":"https:\/\/api.w.org\/{rel}","templated":true}]}}