{"id":147,"date":"2016-08-10T22:01:29","date_gmt":"2016-08-10T20:01:29","guid":{"rendered":"http:\/\/www.djr-schule-evrika.de\/?page_id=147"},"modified":"2016-08-11T10:34:14","modified_gmt":"2016-08-11T08:34:14","slug":"%d0%bf%d1%80%d0%b0%d0%b2%d0%b8%d0%bb%d0%b0-%d1%88%d0%ba%d0%be%d0%bb%d1%8b","status":"publish","type":"page","link":"https:\/\/www.djr-schule-evrika.de\/en\/%d0%bf%d1%80%d0%b0%d0%b2%d0%b8%d0%bb%d0%b0-%d1%88%d0%ba%d0%be%d0%bb%d1%8b\/","title":{"rendered":"Rules of school"},"content":{"rendered":"<ol>\n<li>Die Eltern bringen ihre Kinder p\u00fcnktlich um 09:45 Uhr zum Unterricht und holen sie auch p\u00fcnktlich nach dem Unterricht ab.<\/li>\n<li>Die Kinder besuchen den Unterricht ohne Eltern.<\/li>\n<li>Den Eltern ist es, nach Absprache mit der Schulverwaltung, erlaubt ihre Kinder zur Eingew\u00f6hnung f\u00fcr eine angemessene Zeit zu begleiten.<\/li>\n<li>Die erste Unterrichtsstunde am Schuljahresanfang sowie die vorletzte Unterrichtstunde jedes Schulquartals sind offene Unterrichtsstunden und k\u00f6nnen Interessierten besucht werden.<\/li>\n<li>Probeunterricht wird kostenlos angeboten, wenn das Kind anschlie\u00dfend in der Schule angemeldet wird. Sonst kostet Probeunterricht 5,00 \u20ac.<\/li>\n<li>Die Eltern bringen Schulsachen und Ersatzschuhe f\u00fcr ihre Kinder mit.<\/li>\n<li>Das Eigentum der Kinder wie z.B. Schulsachen, Ersatzschuhe, Brotdose etc. sind mit dem Namen &amp; Vornamen des Kindes zu beschriften.<\/li>\n<li>Vergessene Gegenst\u00e4nde werden in den R\u00e4umlichkeiten des Vereins f\u00fcr mindestens einen Monat aufbewahrt. Sofern der Eigent\u00fcmer diese nicht rechtzeitig abholt, werden sie gespendet.<\/li>\n<li>F\u00fcr Wertgegenst\u00e4nde der Sch\u00fcler und Eltern, deren Schaden oder Verlust \u00fcbernehmen der Verein und die Sonntagsschule keine Haftung.<\/li>\n<li>Es ist nicht erlaubt in den R\u00e4umlichkeiten zu rennen.<\/li>\n<li>Eine Fr\u00fchst\u00fcckspause gibt es f\u00fcr alle Klassen nach der zweiten Unterrichtsstunde.<\/li>\n<li>Die Eltern sollten ihren Kindern gen\u00fcgend Essen und Trinken mitgeben. Keine s\u00fc\u00dfen Getr\u00e4nke wie Kakao oder Saft, keine Kaugummis, kein Joghurt \u2013 es bleiben starke klebrige Verschmutzungen zur\u00fcck, die zus\u00e4tzliche Reinigungskosten verursachen.<\/li>\n<li>Essen ist nur in der Pause und nur in den daf\u00fcr vorgesehenen R\u00e4umen erlaubt. Im Unterricht ist eine kleine Flasche Wasser erlaubt.<\/li>\n<li>Der M\u00fcll ist in die daf\u00fcr vorgesehenen Beh\u00e4lter in den R\u00e4umlichkeiten von den Sch\u00fclern selbstst\u00e4ndig zu entsorgen. Die Lehrer sind nicht verpflichtet den M\u00fcll der Sch\u00fcler auf zu sammeln und zu entsorgen.<\/li>\n<li>Bei Toilettenbesuch ist auf Hygiene und Sauberkeit zu achten. Die sanit\u00e4ren Anlagen sind sauber zu verlassen.<\/li>\n<li>Aus Sicherheitsgr\u00fcnden werden die Fenster zum L\u00fcften nur in \u201eKippstellung\u201c ge\u00f6ffnet.<\/li>\n<li>In die K\u00fcche gibt es f\u00fcr Sch\u00fcler aus Sicherheitsgr\u00fcnden keinen Zugang aufgrund der sich dort befindenden Elektroger\u00e4te und scharfer Gegenst\u00e4nde.<\/li>\n<li>Mit dem Eigentum des Vereins und der Samstagschule ist vorsichtig und behutsam umzugehen.<\/li>\n<li>Mutwilliges Zerst\u00f6ren oder absichtliches demolieren des Eigentums des Vereins und der Samstagschule oder anderer f\u00fchrt zum Ausschluss des Sch\u00fclers vom Unterricht und kann eine au\u00dferordentliche K\u00fcndigung des Vertrages nach sich ziehen. Die Eltern haften f\u00fcr den entstandenen Schaden.<\/li>\n<li>Verletzung einer oder mehrerer oben genannter Regel f\u00fchrt zur Abmahnung und kann eine au\u00dferordentliche K\u00fcndigung des Vertrages nach sich ziehen.<\/li>\n<\/ol>\n","protected":false},"excerpt":{"rendered":"<p>Die Eltern bringen ihre Kinder p\u00fcnktlich um 09:45 Uhr zum Unterricht und holen sie auch p\u00fcnktlich nach dem Unterricht ab. Die Kinder besuchen den Unterricht ohne Eltern. Den Eltern ist es, nach Absprache mit der Schulverwaltung, erlaubt ihre Kinder zur Eingew\u00f6hnung f\u00fcr eine angemessene Zeit zu begleiten. Die erste Unterrichtsstunde am Schuljahresanfang sowie die vorletzte&hellip; <a href=\"https:\/\/www.djr-schule-evrika.de\/en\/%d0%bf%d1%80%d0%b0%d0%b2%d0%b8%d0%bb%d0%b0-%d1%88%d0%ba%d0%be%d0%bb%d1%8b\/\" class=\"more-link\">Continue reading <span class=\"screen-reader-text\">Rules of school<\/span><\/a><\/p>\n","protected":false},"author":2,"featured_media":0,"parent":0,"menu_order":0,"comment_status":"closed","ping_status":"closed","template":"","meta":{"footnotes":""},"class_list":["post-147","page","type-page","status-publish","hentry"],"translation":{"provider":"WPGlobus","version":"3.0.2","language":"en","enabled_languages":["ru","de","en"],"languages":{"ru":{"title":true,"content":true,"excerpt":false},"de":{"title":true,"content":true,"excerpt":false},"en":{"title":true,"content":true,"excerpt":false}}},"yoast_head":"<!-- This site is optimized with the Yoast SEO plugin v26.3 - https:\/\/yoast.com\/wordpress\/plugins\/seo\/ -->\n<title>Rules of school - djr-schule-evrika.de<\/title>\n<meta name=\"robots\" content=\"index, follow, max-snippet:-1, max-image-preview:large, max-video-preview:-1\" \/>\n<link rel=\"canonical\" href=\"https:\/\/www.djr-schule-evrika.de\/\u043f\u0440\u0430\u0432\u0438\u043b\u0430-\u0448\u043a\u043e\u043b\u044b\/\" \/>\n<meta property=\"og:locale\" content=\"en_US\" \/>\n<meta property=\"og:type\" content=\"article\" \/>\n<meta property=\"og:title\" content=\"Rules of school - djr-schule-evrika.de\" \/>\n<meta property=\"og:url\" content=\"https:\/\/www.djr-schule-evrika.de\/\u043f\u0440\u0430\u0432\u0438\u043b\u0430-\u0448\u043a\u043e\u043b\u044b\/\" \/>\n<meta property=\"og:site_name\" content=\"djr-schule-evrika.de\" \/>\n<meta property=\"article:modified_time\" content=\"2016-08-11T08:34:14+00:00\" \/>\n<meta name=\"twitter:card\" content=\"summary_large_image\" \/>\n<meta name=\"twitter:label1\" content=\"Est. reading time\" \/>\n\t<meta name=\"twitter:data1\" content=\"4 minutes\" \/>\n<script type=\"application\/ld+json\" class=\"yoast-schema-graph\">{\"@context\":\"https:\/\/schema.org\",\"@graph\":[{\"@type\":\"WebPage\",\"@id\":\"https:\/\/www.djr-schule-evrika.de\/%d0%bf%d1%80%d0%b0%d0%b2%d0%b8%d0%bb%d0%b0-%d1%88%d0%ba%d0%be%d0%bb%d1%8b\/\",\"url\":\"https:\/\/www.djr-schule-evrika.de\/%d0%bf%d1%80%d0%b0%d0%b2%d0%b8%d0%bb%d0%b0-%d1%88%d0%ba%d0%be%d0%bb%d1%8b\/\",\"name\":\"Rules of school - djr-schule-evrika.de\",\"isPartOf\":{\"@id\":\"https:\/\/www.djr-schule-evrika.de\/#website\"},\"datePublished\":\"2016-08-10T20:01:29+00:00\",\"dateModified\":\"2016-08-11T08:34:14+00:00\",\"breadcrumb\":{\"@id\":\"https:\/\/www.djr-schule-evrika.de\/%d0%bf%d1%80%d0%b0%d0%b2%d0%b8%d0%bb%d0%b0-%d1%88%d0%ba%d0%be%d0%bb%d1%8b\/#breadcrumb\"},\"inLanguage\":\"en-US\",\"potentialAction\":[{\"@type\":\"ReadAction\",\"target\":[\"https:\/\/www.djr-schule-evrika.de\/%d0%bf%d1%80%d0%b0%d0%b2%d0%b8%d0%bb%d0%b0-%d1%88%d0%ba%d0%be%d0%bb%d1%8b\/\"]}]},{\"@type\":\"BreadcrumbList\",\"@id\":\"https:\/\/www.djr-schule-evrika.de\/%d0%bf%d1%80%d0%b0%d0%b2%d0%b8%d0%bb%d0%b0-%d1%88%d0%ba%d0%be%d0%bb%d1%8b\/#breadcrumb\",\"itemListElement\":[{\"@type\":\"ListItem\",\"position\":1,\"name\":\"\u0413\u043b\u0430\u0432\u043d\u0430\u044f \u0441\u0442\u0440\u0430\u043d\u0438\u0446\u0430\",\"item\":\"https:\/\/www.djr-schule-evrika.de\/\"},{\"@type\":\"ListItem\",\"position\":2,\"name\":\"\u041f\u0440\u0430\u0432\u0438\u043b\u0430 \u0448\u043a\u043e\u043b\u044b\"}]},{\"@type\":\"WebSite\",\"@id\":\"https:\/\/www.djr-schule-evrika.de\/#website\",\"url\":\"https:\/\/www.djr-schule-evrika.de\/\",\"name\":\"djr-schule-evrika.de\",\"description\":\"Week-end school\",\"potentialAction\":[{\"@type\":\"SearchAction\",\"target\":{\"@type\":\"EntryPoint\",\"urlTemplate\":\"https:\/\/www.djr-schule-evrika.de\/?s={search_term_string}\"},\"query-input\":{\"@type\":\"PropertyValueSpecification\",\"valueRequired\":true,\"valueName\":\"search_term_string\"}}],\"inLanguage\":\"en-US\"}]}<\/script>\n<!-- \/ Yoast SEO plugin. -->","yoast_head_json":{"title":"Rules of school - djr-schule-evrika.de","robots":{"index":"index","follow":"follow","max-snippet":"max-snippet:-1","max-image-preview":"max-image-preview:large","max-video-preview":"max-video-preview:-1"},"canonical":"https:\/\/www.djr-schule-evrika.de\/\u043f\u0440\u0430\u0432\u0438\u043b\u0430-\u0448\u043a\u043e\u043b\u044b\/","og_locale":"en_US","og_type":"article","og_title":"Rules of school - djr-schule-evrika.de","og_url":"https:\/\/www.djr-schule-evrika.de\/\u043f\u0440\u0430\u0432\u0438\u043b\u0430-\u0448\u043a\u043e\u043b\u044b\/","og_site_name":"djr-schule-evrika.de","article_modified_time":"2016-08-11T08:34:14+00:00","twitter_card":"summary_large_image","twitter_misc":{"Est. reading time":"4 minutes"},"schema":{"@context":"https:\/\/schema.org","@graph":[{"@type":"WebPage","@id":"https:\/\/www.djr-schule-evrika.de\/%d0%bf%d1%80%d0%b0%d0%b2%d0%b8%d0%bb%d0%b0-%d1%88%d0%ba%d0%be%d0%bb%d1%8b\/","url":"https:\/\/www.djr-schule-evrika.de\/%d0%bf%d1%80%d0%b0%d0%b2%d0%b8%d0%bb%d0%b0-%d1%88%d0%ba%d0%be%d0%bb%d1%8b\/","name":"Rules of school - djr-schule-evrika.de","isPartOf":{"@id":"https:\/\/www.djr-schule-evrika.de\/#website"},"datePublished":"2016-08-10T20:01:29+00:00","dateModified":"2016-08-11T08:34:14+00:00","breadcrumb":{"@id":"https:\/\/www.djr-schule-evrika.de\/%d0%bf%d1%80%d0%b0%d0%b2%d0%b8%d0%bb%d0%b0-%d1%88%d0%ba%d0%be%d0%bb%d1%8b\/#breadcrumb"},"inLanguage":"en-US","potentialAction":[{"@type":"ReadAction","target":["https:\/\/www.djr-schule-evrika.de\/%d0%bf%d1%80%d0%b0%d0%b2%d0%b8%d0%bb%d0%b0-%d1%88%d0%ba%d0%be%d0%bb%d1%8b\/"]}]},{"@type":"BreadcrumbList","@id":"https:\/\/www.djr-schule-evrika.de\/%d0%bf%d1%80%d0%b0%d0%b2%d0%b8%d0%bb%d0%b0-%d1%88%d0%ba%d0%be%d0%bb%d1%8b\/#breadcrumb","itemListElement":[{"@type":"ListItem","position":1,"name":"\u0413\u043b\u0430\u0432\u043d\u0430\u044f \u0441\u0442\u0440\u0430\u043d\u0438\u0446\u0430","item":"https:\/\/www.djr-schule-evrika.de\/"},{"@type":"ListItem","position":2,"name":"\u041f\u0440\u0430\u0432\u0438\u043b\u0430 \u0448\u043a\u043e\u043b\u044b"}]},{"@type":"WebSite","@id":"https:\/\/www.djr-schule-evrika.de\/#website","url":"https:\/\/www.djr-schule-evrika.de\/","name":"djr-schule-evrika.de","description":"Week-end school","potentialAction":[{"@type":"SearchAction","target":{"@type":"EntryPoint","urlTemplate":"https:\/\/www.djr-schule-evrika.de\/?s={search_term_string}"},"query-input":{"@type":"PropertyValueSpecification","valueRequired":true,"valueName":"search_term_string"}}],"inLanguage":"en-US"}]}},"_links":{"self":[{"href":"https:\/\/www.djr-schule-evrika.de\/en\/wp-json\/wp\/v2\/pages\/147","targetHints":{"allow":["GET"]}}],"collection":[{"href":"https:\/\/www.djr-schule-evrika.de\/en\/wp-json\/wp\/v2\/pages"}],"about":[{"href":"https:\/\/www.djr-schule-evrika.de\/en\/wp-json\/wp\/v2\/types\/page"}],"author":[{"embeddable":true,"href":"https:\/\/www.djr-schule-evrika.de\/en\/wp-json\/wp\/v2\/users\/2"}],"replies":[{"embeddable":true,"href":"https:\/\/www.djr-schule-evrika.de\/en\/wp-json\/wp\/v2\/comments?post=147"}],"version-history":[{"count":3,"href":"https:\/\/www.djr-schule-evrika.de\/en\/wp-json\/wp\/v2\/pages\/147\/revisions"}],"predecessor-version":[{"id":165,"href":"https:\/\/www.djr-schule-evrika.de\/en\/wp-json\/wp\/v2\/pages\/147\/revisions\/165"}],"wp:attachment":[{"href":"https:\/\/www.djr-schule-evrika.de\/en\/wp-json\/wp\/v2\/media?parent=147"}],"curies":[{"name":"wp","href":"https:\/\/api.w.org\/{rel}","templated":true}]}}